{"id":38459,"date":"2022-09-23T13:07:38","date_gmt":"2022-09-23T11:07:38","guid":{"rendered":"https:\/\/thepassionist.de\/preferred-partners\/preferred-hotel-brands\/relais-chateaux\/"},"modified":"2022-10-13T16:02:48","modified_gmt":"2022-10-13T14:02:48","slug":"relais-chateaux","status":"publish","type":"page","link":"https:\/\/thepassionist.de\/us\/preferred-hotel-brands\/relais-chateaux\/","title":{"rendered":"Relais &#038; Ch\u00e2teaux"},"content":{"rendered":"\t\t<div data-elementor-type=\"wp-page\" data-elementor-id=\"38459\" class=\"elementor elementor-38459\" data-elementor-post-type=\"page\">\n\t\t\t\t\t\t<section class=\"elementor-section elementor-top-section elementor-element elementor-element-cbe7cbd elementor-section-full_width elementor-section-stretched elementor-section-height-default elementor-section-height-default\" data-id=\"cbe7cbd\" data-element_type=\"section\" data-settings=\"{&quot;stretch_section&quot;:&quot;section-stretched&quot;,&quot;background_background&quot;:&quot;classic&quot;}\">\n\t\t\t\t\t\t<div class=\"elementor-container elementor-column-gap-default\">\n\t\t\t\t\t<div class=\"elementor-column elementor-col-100 elementor-top-column elementor-element elementor-element-f4a7cb6\" data-id=\"f4a7cb6\" data-element_type=\"column\" data-settings=\"{&quot;background_background&quot;:&quot;classic&quot;}\">\n\t\t\t<div class=\"elementor-widget-wrap elementor-element-populated\">\n\t\t\t\t\t\t<section class=\"elementor-section elementor-inner-section elementor-element elementor-element-6422f39 elementor-section-boxed elementor-section-height-default elementor-section-height-default\" data-id=\"6422f39\" data-element_type=\"section\">\n\t\t\t\t\t\t<div class=\"elementor-container elementor-column-gap-default\">\n\t\t\t\t\t<div class=\"elementor-column elementor-col-100 elementor-inner-column elementor-element elementor-element-038b151\" data-id=\"038b151\" data-element_type=\"column\">\n\t\t\t<div class=\"elementor-widget-wrap elementor-element-populated\">\n\t\t\t\t\t\t<div class=\"elementor-element elementor-element-24c2189 elementor--h-position-center elementor--v-position-middle elementor-widget elementor-widget-slides\" data-id=\"24c2189\" data-element_type=\"widget\" data-settings=\"{&quot;navigation&quot;:&quot;none&quot;,&quot;transition&quot;:&quot;fade&quot;,&quot;transition_speed&quot;:1500,&quot;autoplay_speed&quot;:2000,&quot;autoplay&quot;:&quot;yes&quot;,&quot;infinite&quot;:&quot;yes&quot;}\" data-widget_type=\"slides.default\">\n\t\t\t\t<div class=\"elementor-widget-container\">\n\t\t\t\t\t\t\t\t\t<div class=\"elementor-swiper\">\n\t\t\t\t\t<div class=\"elementor-slides-wrapper elementor-main-swiper swiper\" role=\"region\" aria-roledescription=\"carousel\" aria-label=\"Slides\" dir=\"ltr\" data-animation=\"\">\n\t\t\t\t<div class=\"swiper-wrapper elementor-slides\">\n\t\t\t\t\t\t\t\t\t\t<div class=\"elementor-repeater-item-c4bb158 swiper-slide\" role=\"group\" aria-roledescription=\"slide\"><div class=\"swiper-slide-bg\" role=\"img\" aria-label=\"focus-square\"><\/div><div class=\"swiper-slide-inner\" ><div class=\"swiper-slide-contents\"><div class=\"elementor-slide-heading\">Relais & Ch\u00e2teaux<\/div><\/div><\/div><\/div>\t\t\t\t<\/div>\n\t\t\t\t\t\t\t<\/div>\n\t\t\t\t<\/div>\n\t\t\t\t\t\t\t\t<\/div>\n\t\t\t\t<\/div>\n\t\t\t\t\t<\/div>\n\t\t<\/div>\n\t\t\t\t\t<\/div>\n\t\t<\/section>\n\t\t\t\t\t<\/div>\n\t\t<\/div>\n\t\t\t\t\t<\/div>\n\t\t<\/section>\n\t\t\t\t<section class=\"elementor-section elementor-top-section elementor-element elementor-element-2523540 elementor-section-boxed elementor-section-height-default elementor-section-height-default\" data-id=\"2523540\" data-element_type=\"section\">\n\t\t\t\t\t\t<div class=\"elementor-container elementor-column-gap-default\">\n\t\t\t\t\t<div class=\"elementor-column elementor-col-100 elementor-top-column elementor-element elementor-element-3eb47f9\" data-id=\"3eb47f9\" data-element_type=\"column\">\n\t\t\t<div class=\"elementor-widget-wrap elementor-element-populated\">\n\t\t\t\t\t\t<div class=\"elementor-element elementor-element-c503ca0 elementor-widget elementor-widget-heading\" data-id=\"c503ca0\" data-element_type=\"widget\" data-widget_type=\"heading.default\">\n\t\t\t\t<div class=\"elementor-widget-container\">\n\t\t\t\t\t<h1 class=\"elementor-heading-title elementor-size-default\">Relais &amp; Ch\u00e2teaux<\/h1>\t\t\t\t<\/div>\n\t\t\t\t<\/div>\n\t\t\t\t<div class=\"elementor-element elementor-element-1680761 elementor-widget elementor-widget-text-editor\" data-id=\"1680761\" data-element_type=\"widget\" data-widget_type=\"text-editor.default\">\n\t\t\t\t<div class=\"elementor-widget-container\">\n\t\t\t\t\t\t\t\t\t<p>Founded more than half a century ago, Relais &amp; Ch\u00e2teaux brings together exceptional hoteliers, chefs and restaurateurs who practice and celebrate individuality, hospitality and luxury at the highest level. From French Provence and the vines of Napa Valley to the beaches of the Indian Ocean, Relais &amp; Ch\u00e2teaux is present on five continents with hotels, chalets, villas and restaurants, inviting you to experience the lifestyle of different cultures and immerse yourself in the unique history of humanity. Hoteliers and restaurateurs give their own personal touch to the places they have designed and bring to life every day. 60 years of history &#8211; and what a beautiful story! A story of men and women who invest in a hotel marked by charm or an exceptional restaurant before joining forces to share their passion. Sixty years ago, Marcel and Nelly Tilloy, two former vaudeville singers who owned &#8220;La Cardinale&#8221;, a hotel and restaurant on the right bank of the Rh\u00f4ne, had the idea of presenting eight establishments together under the motto &#8220;La Route du Bonheur&#8221;. Eight authentic places between Paris and Nice, outside the cities, united by common values: a high level of services, an exceptional culinary and a particular conception of hospitality or Art de Vivre. This association is the birth of what has become today the most prestigious hotel association in the world: Relais &amp; Ch\u00e2teaux. Today, there are over 560 members, located on 140 Routes du Bonheur in 67 countries, all inspired by the same passion: &#8220;The hotelier and the restaurateur must let their hearts speak,&#8221; recommended Marcel Tilloy. That was 60 years ago and is still valid.<\/p>\t\t\t\t\t\t\t\t<\/div>\n\t\t\t\t<\/div>\n\t\t\t\t<section class=\"elementor-section elementor-inner-section elementor-element elementor-element-89a57d9 elementor-section-boxed elementor-section-height-default elementor-section-height-default\" data-id=\"89a57d9\" data-element_type=\"section\">\n\t\t\t\t\t\t<div class=\"elementor-container elementor-column-gap-default\">\n\t\t\t\t\t<div class=\"elementor-column elementor-col-100 elementor-inner-column elementor-element elementor-element-ec9652c\" data-id=\"ec9652c\" data-element_type=\"column\">\n\t\t\t<div class=\"elementor-widget-wrap elementor-element-populated\">\n\t\t\t\t\t\t<div class=\"elementor-element elementor-element-0346cb8 elementor-widget elementor-widget-gallery\" data-id=\"0346cb8\" data-element_type=\"widget\" data-settings=\"{&quot;columns&quot;:3,&quot;aspect_ratio&quot;:&quot;1:1&quot;,&quot;lazyload&quot;:&quot;yes&quot;,&quot;gallery_layout&quot;:&quot;grid&quot;,&quot;columns_tablet&quot;:2,&quot;columns_mobile&quot;:1,&quot;gap&quot;:{&quot;unit&quot;:&quot;px&quot;,&quot;size&quot;:10,&quot;sizes&quot;:[]},&quot;gap_tablet&quot;:{&quot;unit&quot;:&quot;px&quot;,&quot;size&quot;:10,&quot;sizes&quot;:[]},&quot;gap_mobile&quot;:{&quot;unit&quot;:&quot;px&quot;,&quot;size&quot;:10,&quot;sizes&quot;:[]},&quot;link_to&quot;:&quot;file&quot;,&quot;overlay_background&quot;:&quot;yes&quot;,&quot;content_hover_animation&quot;:&quot;fade-in&quot;}\" data-widget_type=\"gallery.default\">\n\t\t\t\t<div class=\"elementor-widget-container\">\n\t\t\t\t\t\t\t<div class=\"elementor-gallery__container\">\n\t\t\t\t\t\t\t<a class=\"e-gallery-item elementor-gallery-item elementor-animated-content\" href=\"https:\/\/thepassionist.de\/wp-content\/uploads\/2021\/10\/Grand-House-Algarve-1-scaled.jpg\" data-elementor-open-lightbox=\"yes\" data-elementor-lightbox-slideshow=\"0346cb8\" data-elementor-lightbox-title=\"Grand House Algarve (1)\" data-e-action-hash=\"#elementor-action%3Aaction%3Dlightbox%26settings%3DeyJpZCI6Mjg1NDgsInVybCI6Imh0dHBzOlwvXC90aGVwYXNzaW9uaXN0LmRlXC93cC1jb250ZW50XC91cGxvYWRzXC8yMDIxXC8xMFwvR3JhbmQtSG91c2UtQWxnYXJ2ZS0xLXNjYWxlZC5qcGciLCJzbGlkZXNob3ciOiIwMzQ2Y2I4In0%3D\">\n\t\t\t\t\t<div class=\"e-gallery-image elementor-gallery-item__image\" data-thumbnail=\"https:\/\/thepassionist.de\/wp-content\/uploads\/2021\/10\/Grand-House-Algarve-1-800x533.jpg\" data-width=\"700\" data-height=\"466\" aria-label=\"\" role=\"img\" ><\/div>\n\t\t\t\t\t\t\t\t\t\t\t<div class=\"elementor-gallery-item__overlay\"><\/div>\n\t\t\t\t\t\t\t\t\t\t\t\t\t\t<\/a>\n\t\t\t\t\t\t\t<a class=\"e-gallery-item elementor-gallery-item elementor-animated-content\" href=\"https:\/\/thepassionist.de\/wp-content\/uploads\/2021\/09\/Kachel-RC-1.jpg\" data-elementor-open-lightbox=\"yes\" data-elementor-lightbox-slideshow=\"0346cb8\" data-elementor-lightbox-title=\"Kachel R&amp;C\" data-e-action-hash=\"#elementor-action%3Aaction%3Dlightbox%26settings%3DeyJpZCI6MjgzNTQsInVybCI6Imh0dHBzOlwvXC90aGVwYXNzaW9uaXN0LmRlXC93cC1jb250ZW50XC91cGxvYWRzXC8yMDIxXC8wOVwvS2FjaGVsLVJDLTEuanBnIiwic2xpZGVzaG93IjoiMDM0NmNiOCJ9\">\n\t\t\t\t\t<div class=\"e-gallery-image elementor-gallery-item__image\" data-thumbnail=\"https:\/\/thepassionist.de\/wp-content\/uploads\/2021\/09\/Kachel-RC-1-600x600.jpg\" data-width=\"600\" data-height=\"600\" aria-label=\"\" role=\"img\" ><\/div>\n\t\t\t\t\t\t\t\t\t\t\t<div class=\"elementor-gallery-item__overlay\"><\/div>\n\t\t\t\t\t\t\t\t\t\t\t\t\t\t<\/a>\n\t\t\t\t\t\t\t<a class=\"e-gallery-item elementor-gallery-item elementor-animated-content\" href=\"https:\/\/thepassionist.de\/wp-content\/uploads\/2021\/10\/CAC3961-scaled.jpg\" data-elementor-open-lightbox=\"yes\" data-elementor-lightbox-slideshow=\"0346cb8\" data-elementor-lightbox-title=\"Cape Weligama\" data-e-action-hash=\"#elementor-action%3Aaction%3Dlightbox%26settings%3DeyJpZCI6Mjg0NzYsInVybCI6Imh0dHBzOlwvXC90aGVwYXNzaW9uaXN0LmRlXC93cC1jb250ZW50XC91cGxvYWRzXC8yMDIxXC8xMFwvQ0FDMzk2MS1zY2FsZWQuanBnIiwic2xpZGVzaG93IjoiMDM0NmNiOCJ9\">\n\t\t\t\t\t<div class=\"e-gallery-image elementor-gallery-item__image\" data-thumbnail=\"https:\/\/thepassionist.de\/wp-content\/uploads\/2021\/10\/CAC3961-800x546.jpg\" data-width=\"700\" data-height=\"478\" aria-label=\"\" role=\"img\" ><\/div>\n\t\t\t\t\t\t\t\t\t\t\t<div class=\"elementor-gallery-item__overlay\"><\/div>\n\t\t\t\t\t\t\t\t\t\t\t\t\t\t<\/a>\n\t\t\t\t\t<\/div>\n\t\t\t\t\t<\/div>\n\t\t\t\t<\/div>\n\t\t\t\t<div class=\"elementor-element elementor-element-77618c1 elementor-widget elementor-widget-spacer\" data-id=\"77618c1\" data-element_type=\"widget\" data-widget_type=\"spacer.default\">\n\t\t\t\t<div class=\"elementor-widget-container\">\n\t\t\t\t\t\t\t<div class=\"elementor-spacer\">\n\t\t\t<div class=\"elementor-spacer-inner\"><\/div>\n\t\t<\/div>\n\t\t\t\t\t\t<\/div>\n\t\t\t\t<\/div>\n\t\t\t\t<div class=\"elementor-element elementor-element-b3f0b72 elementor-widget elementor-widget-heading\" data-id=\"b3f0b72\" data-element_type=\"widget\" data-widget_type=\"heading.default\">\n\t\t\t\t<div class=\"elementor-widget-container\">\n\t\t\t\t\t<h2 class=\"elementor-heading-title elementor-size-default\">Your benefits of booking Relais &amp; Ch\u00e2teaux with us<\/h2>\t\t\t\t<\/div>\n\t\t\t\t<\/div>\n\t\t\t\t<div class=\"elementor-element elementor-element-7f2ac08 elementor-widget elementor-widget-text-editor\" data-id=\"7f2ac08\" data-element_type=\"widget\" data-widget_type=\"text-editor.default\">\n\t\t\t\t<div class=\"elementor-widget-container\">\n\t\t\t\t\t\t\t\t\t<p>As a Preferred Partner of Relais &amp; Ch\u00e2teaux, we offer you exclusive amenities during your stay. Hotels participating in the partner program offer you a complimentary breakfast. You also benefit from exclusive special offers from Relais &amp; Ch\u00e2teaux hotels and, of course, from our customized service for your trip.<\/p>\t\t\t\t\t\t\t\t<\/div>\n\t\t\t\t<\/div>\n\t\t\t\t<div class=\"elementor-element elementor-element-616aad1 elementor-widget elementor-widget-spacer\" data-id=\"616aad1\" data-element_type=\"widget\" data-widget_type=\"spacer.default\">\n\t\t\t\t<div class=\"elementor-widget-container\">\n\t\t\t\t\t\t\t<div class=\"elementor-spacer\">\n\t\t\t<div class=\"elementor-spacer-inner\"><\/div>\n\t\t<\/div>\n\t\t\t\t\t\t<\/div>\n\t\t\t\t<\/div>\n\t\t\t\t\t<\/div>\n\t\t<\/div>\n\t\t\t\t\t<\/div>\n\t\t<\/section>\n\t\t\t\t<div class=\"elementor-element elementor-element-386e557 elementor-widget elementor-widget-spacer\" data-id=\"386e557\" data-element_type=\"widget\" data-widget_type=\"spacer.default\">\n\t\t\t\t<div class=\"elementor-widget-container\">\n\t\t\t\t\t\t\t<div class=\"elementor-spacer\">\n\t\t\t<div class=\"elementor-spacer-inner\"><\/div>\n\t\t<\/div>\n\t\t\t\t\t\t<\/div>\n\t\t\t\t<\/div>\n\t\t\t\t\t<\/div>\n\t\t<\/div>\n\t\t\t\t\t<\/div>\n\t\t<\/section>\n\t\t\t\t<section class=\"elementor-section elementor-top-section elementor-element elementor-element-d3608ce elementor-section-boxed elementor-section-height-default elementor-section-height-default\" data-id=\"d3608ce\" data-element_type=\"section\" data-settings=\"{&quot;background_background&quot;:&quot;classic&quot;}\">\n\t\t\t\t\t\t<div class=\"elementor-container elementor-column-gap-default\">\n\t\t\t\t\t<div class=\"elementor-column elementor-col-100 elementor-top-column elementor-element elementor-element-bc4cae6\" data-id=\"bc4cae6\" data-element_type=\"column\">\n\t\t\t<div class=\"elementor-widget-wrap elementor-element-populated\">\n\t\t\t\t\t\t<section class=\"elementor-section elementor-inner-section elementor-element elementor-element-6a0858a elementor-section-boxed elementor-section-height-default elementor-section-height-default\" data-id=\"6a0858a\" data-element_type=\"section\">\n\t\t\t\t\t\t<div class=\"elementor-container elementor-column-gap-default\">\n\t\t\t\t\t<div class=\"elementor-column elementor-col-100 elementor-inner-column elementor-element elementor-element-a03a00a\" data-id=\"a03a00a\" data-element_type=\"column\">\n\t\t\t<div class=\"elementor-widget-wrap elementor-element-populated\">\n\t\t\t\t\t\t<div class=\"elementor-element elementor-element-61b65ca elementor-widget elementor-widget-heading\" data-id=\"61b65ca\" data-element_type=\"widget\" data-widget_type=\"heading.default\">\n\t\t\t\t<div class=\"elementor-widget-container\">\n\t\t\t\t\t<h2 class=\"elementor-heading-title elementor-size-default\">Curious about this hotel brand?<\/h2>\t\t\t\t<\/div>\n\t\t\t\t<\/div>\n\t\t\t\t<div class=\"elementor-element elementor-element-6cf0e89 elementor-widget elementor-widget-text-editor\" data-id=\"6cf0e89\" data-element_type=\"widget\" data-widget_type=\"text-editor.default\">\n\t\t\t\t<div class=\"elementor-widget-container\">\n\t\t\t\t\t\t\t\t\t<p>Get in touch with us to learn more and to plan your customized trip<\/p>\t\t\t\t\t\t\t\t<\/div>\n\t\t\t\t<\/div>\n\t\t\t\t<div class=\"elementor-element elementor-element-e12bdd6 elementor-widget elementor-widget-spacer\" data-id=\"e12bdd6\" data-element_type=\"widget\" data-widget_type=\"spacer.default\">\n\t\t\t\t<div class=\"elementor-widget-container\">\n\t\t\t\t\t\t\t<div class=\"elementor-spacer\">\n\t\t\t<div class=\"elementor-spacer-inner\"><\/div>\n\t\t<\/div>\n\t\t\t\t\t\t<\/div>\n\t\t\t\t<\/div>\n\t\t\t\t\t<\/div>\n\t\t<\/div>\n\t\t\t\t\t<\/div>\n\t\t<\/section>\n\t\t\t\t<section class=\"elementor-section elementor-inner-section elementor-element elementor-element-acf8e65 elementor-section-boxed elementor-section-height-default elementor-section-height-default\" data-id=\"acf8e65\" data-element_type=\"section\">\n\t\t\t\t\t\t<div class=\"elementor-container elementor-column-gap-default\">\n\t\t\t\t\t<div class=\"elementor-column elementor-col-100 elementor-inner-column elementor-element elementor-element-00a9701\" data-id=\"00a9701\" data-element_type=\"column\">\n\t\t\t<div class=\"elementor-widget-wrap elementor-element-populated\">\n\t\t\t\t\t\t<div class=\"elementor-element elementor-element-2b408f0 elementor-align-center elementor-widget elementor-widget-button\" data-id=\"2b408f0\" data-element_type=\"widget\" data-widget_type=\"button.default\">\n\t\t\t\t<div class=\"elementor-widget-container\">\n\t\t\t\t\t\t\t\t\t<div class=\"elementor-button-wrapper\">\n\t\t\t\t\t<a class=\"elementor-button elementor-button-link elementor-size-xs\" href=\"https:\/\/thepassionist.de\/us\/contact-us\/\">\n\t\t\t\t\t\t<span class=\"elementor-button-content-wrapper\">\n\t\t\t\t\t\t\t\t\t<span class=\"elementor-button-text\">Contact us<\/span>\n\t\t\t\t\t<\/span>\n\t\t\t\t\t<\/a>\n\t\t\t\t<\/div>\n\t\t\t\t\t\t\t\t<\/div>\n\t\t\t\t<\/div>\n\t\t\t\t\t<\/div>\n\t\t<\/div>\n\t\t\t\t\t<\/div>\n\t\t<\/section>\n\t\t\t\t<div class=\"elementor-element elementor-element-4782710 elementor-widget elementor-widget-spacer\" data-id=\"4782710\" data-element_type=\"widget\" data-widget_type=\"spacer.default\">\n\t\t\t\t<div class=\"elementor-widget-container\">\n\t\t\t\t\t\t\t<div class=\"elementor-spacer\">\n\t\t\t<div class=\"elementor-spacer-inner\"><\/div>\n\t\t<\/div>\n\t\t\t\t\t\t<\/div>\n\t\t\t\t<\/div>\n\t\t\t\t\t<\/div>\n\t\t<\/div>\n\t\t\t\t\t<\/div>\n\t\t<\/section>\n\t\t\t\t<section class=\"elementor-section elementor-top-section elementor-element elementor-element-ed0c723 elementor-section-boxed elementor-section-height-default elementor-section-height-default\" data-id=\"ed0c723\" data-element_type=\"section\">\n\t\t\t\t\t\t<div class=\"elementor-container elementor-column-gap-default\">\n\t\t\t\t\t<div class=\"elementor-column elementor-col-100 elementor-top-column elementor-element elementor-element-fecfc9f\" data-id=\"fecfc9f\" data-element_type=\"column\">\n\t\t\t<div class=\"elementor-widget-wrap elementor-element-populated\">\n\t\t\t\t\t\t<div class=\"elementor-element elementor-element-f336441 elementor-widget elementor-widget-text-editor\" data-id=\"f336441\" data-element_type=\"widget\" data-widget_type=\"text-editor.default\">\n\t\t\t\t<div class=\"elementor-widget-container\">\n\t\t\t\t\t\t\t\t\t<p><span style=\"text-decoration: underline;\"><a href=\"https:\/\/thepassionist.de\/us\/preferred-hotel-brands\/\">Back to hotel brands overview<\/a><\/span><\/p>\t\t\t\t\t\t\t\t<\/div>\n\t\t\t\t<\/div>\n\t\t\t\t<div class=\"elementor-element elementor-element-0c4b207 elementor-widget elementor-widget-spacer\" data-id=\"0c4b207\" data-element_type=\"widget\" data-widget_type=\"spacer.default\">\n\t\t\t\t<div class=\"elementor-widget-container\">\n\t\t\t\t\t\t\t<div class=\"elementor-spacer\">\n\t\t\t<div class=\"elementor-spacer-inner\"><\/div>\n\t\t<\/div>\n\t\t\t\t\t\t<\/div>\n\t\t\t\t<\/div>\n\t\t\t\t\t<\/div>\n\t\t<\/div>\n\t\t\t\t\t<\/div>\n\t\t<\/section>\n\t\t\t\t<\/div>\n\t\t","protected":false},"excerpt":{"rendered":"<p>Relais &amp; Ch\u00e2teaux Relais &amp; Ch\u00e2teaux Founded more than half a century ago, Relais &amp; Ch\u00e2teaux brings together exceptional hoteliers, chefs and restaurateurs who practice and celebrate individuality, hospitality and luxury at the highest level. From French Provence and the vines of Napa Valley to the beaches of the Indian Ocean, Relais &amp; Ch\u00e2teaux is&hellip; <a class=\"more-link\" href=\"https:\/\/thepassionist.de\/us\/preferred-hotel-brands\/relais-chateaux\/\">Continue reading <span class=\"screen-reader-text\">Relais &#038; Ch\u00e2teaux<\/span><\/a><\/p>\n","protected":false},"author":1,"featured_media":0,"parent":38440,"menu_order":3,"comment_status":"closed","ping_status":"closed","template":"","meta":{"footnotes":""},"class_list":["post-38459","page","type-page","status-publish","hentry","entry"],"aioseo_notices":[],"_links":{"self":[{"href":"https:\/\/thepassionist.de\/us\/wp-json\/wp\/v2\/pages\/38459","targetHints":{"allow":["GET"]}}],"collection":[{"href":"https:\/\/thepassionist.de\/us\/wp-json\/wp\/v2\/pages"}],"about":[{"href":"https:\/\/thepassionist.de\/us\/wp-json\/wp\/v2\/types\/page"}],"author":[{"embeddable":true,"href":"https:\/\/thepassionist.de\/us\/wp-json\/wp\/v2\/users\/1"}],"replies":[{"embeddable":true,"href":"https:\/\/thepassionist.de\/us\/wp-json\/wp\/v2\/comments?post=38459"}],"version-history":[{"count":5,"href":"https:\/\/thepassionist.de\/us\/wp-json\/wp\/v2\/pages\/38459\/revisions"}],"predecessor-version":[{"id":44699,"href":"https:\/\/thepassionist.de\/us\/wp-json\/wp\/v2\/pages\/38459\/revisions\/44699"}],"up":[{"embeddable":true,"href":"https:\/\/thepassionist.de\/us\/wp-json\/wp\/v2\/pages\/38440"}],"wp:attachment":[{"href":"https:\/\/thepassionist.de\/us\/wp-json\/wp\/v2\/media?parent=38459"}],"curies":[{"name":"wp","href":"https:\/\/api.w.org\/{rel}","templated":true}]}}