{"id":44710,"date":"2021-10-08T21:45:37","date_gmt":"2021-10-08T19:45:37","guid":{"rendered":"https:\/\/thepassionist.de\/?page_id=44710"},"modified":"2024-06-19T22:41:21","modified_gmt":"2024-06-19T20:41:21","slug":"imprint","status":"publish","type":"page","link":"https:\/\/thepassionist.de\/us\/imprint\/","title":{"rendered":"Imprint"},"content":{"rendered":"\t\t<div data-elementor-type=\"wp-page\" data-elementor-id=\"44710\" class=\"elementor elementor-44710 elementor-6044\" data-elementor-post-type=\"page\">\n\t\t\t\t\t\t<section class=\"elementor-section elementor-top-section elementor-element elementor-element-3271684a elementor-section-boxed elementor-section-height-default elementor-section-height-default\" data-id=\"3271684a\" data-element_type=\"section\">\n\t\t\t\t\t\t<div class=\"elementor-container elementor-column-gap-default\">\n\t\t\t\t\t<div class=\"elementor-column elementor-col-100 elementor-top-column elementor-element elementor-element-77591e92\" data-id=\"77591e92\" data-element_type=\"column\">\n\t\t\t<div class=\"elementor-widget-wrap elementor-element-populated\">\n\t\t\t\t\t\t<div class=\"elementor-element elementor-element-c36d6a1 elementor-widget elementor-widget-spacer\" data-id=\"c36d6a1\" data-element_type=\"widget\" data-widget_type=\"spacer.default\">\n\t\t\t\t<div class=\"elementor-widget-container\">\n\t\t\t\t\t\t\t<div class=\"elementor-spacer\">\n\t\t\t<div class=\"elementor-spacer-inner\"><\/div>\n\t\t<\/div>\n\t\t\t\t\t\t<\/div>\n\t\t\t\t<\/div>\n\t\t\t\t<div class=\"elementor-element elementor-element-5151eec elementor-widget elementor-widget-heading\" data-id=\"5151eec\" data-element_type=\"widget\" data-widget_type=\"heading.default\">\n\t\t\t\t<div class=\"elementor-widget-container\">\n\t\t\t\t\t<h1 class=\"elementor-heading-title elementor-size-default\">Imprint<\/h1>\t\t\t\t<\/div>\n\t\t\t\t<\/div>\n\t\t\t\t<div class=\"elementor-element elementor-element-9fae40b elementor-widget elementor-widget-spacer\" data-id=\"9fae40b\" data-element_type=\"widget\" data-widget_type=\"spacer.default\">\n\t\t\t\t<div class=\"elementor-widget-container\">\n\t\t\t\t\t\t\t<div class=\"elementor-spacer\">\n\t\t\t<div class=\"elementor-spacer-inner\"><\/div>\n\t\t<\/div>\n\t\t\t\t\t\t<\/div>\n\t\t\t\t<\/div>\n\t\t\t\t<div class=\"elementor-element elementor-element-b071f1b elementor-widget elementor-widget-text-editor\" data-id=\"b071f1b\" data-element_type=\"widget\" data-widget_type=\"text-editor.default\">\n\t\t\t\t<div class=\"elementor-widget-container\">\n\t\t\t\t\t\t\t\t\t<p><span style=\"color: #ffffff;\">Provider identification for <\/span><br><span style=\"color: #ffffff;\"><a style=\"color: #ffffff;\" href=\"http:\/\/www.thepassionist-travel.com\">www.thepassionist-travel.com<\/a> <\/span><br><span style=\"color: #ffffff;\"><a style=\"color: #ffffff;\" href=\"http:\/\/www.thepassionist.de\/us\">www.thepassionist.de\/us<\/a><\/span><\/p>\n<p><\/p>\n<p><span style=\"color: #ffffff;\">THE PASSIONIST TRAVELLER GmbH<\/span><br>Rudolfplatz 3<br>50674<span style=\"color: #ffffff;\"> Cologne<\/span><br><span style=\"color: #ffffff;\">Germany<\/span><\/p>\n<p><\/p>\n<p><span style=\"color: #ffffff;\">Managing Directors: Ren\u00e9 Roseburg, J\u00f6rg M\u00f6ller<br><br><\/span><\/p>\n<p><span style=\"color: #ffffff;\">Commercial Register: Amtsgericht K\u00f6ln HRB 17398<\/span><\/p>\n<p><span style=\"color: #ffffff;\">VAT identification number: DE 122785098<br><br><\/span><\/p>\n<p><\/p>\n<p><span style=\"text-decoration: underline;\"><span style=\"color: #ffffff; text-decoration: underline;\">Contact:<\/span><\/span><\/p>\n<p><span style=\"color: #ffffff;\">E-Mail: <a style=\"color: #ffffff;\" href=\"mailto:hello@thepassionist.de\">hello@thepassionist.de<\/a><\/span><br><span style=\"color: #ffffff;\">Telefon: +49 (0)221 880 437 0<\/span><br><span style=\"color: #ffffff;\">Telefax: +49 (0)221 880 437 61<br><br><\/span><\/p>\n<p><\/p>\n<p><span style=\"text-decoration: underline;\"><span style=\"color: #ffffff; text-decoration: underline;\">Link liability<\/span><\/span><\/p>\n<p><span style=\"color: #ffffff;\">Our offer contains links to external websites of third parties, on whose contents we have no influence. Therefore, we cannot assume any liability for these external contents. The respective provider or operator of the pages is always responsible for the content of the linked pages. The linked pages were checked for possible legal violations at the time of linking. Illegal contents were not recognizable at the time of linking.<\/span><\/p>\n<p><span style=\"color: #ffffff;\">However, a permanent control of the contents of the linked pages is not reasonable without concrete evidence of a violation of the law. If we become aware of any infringements, we will remove such links immediately.<br><br><\/span><\/p>\n<p><\/p>\n<p><span style=\"text-decoration: underline;\"><span style=\"color: #ffffff; text-decoration: underline;\">Copyright<\/span><\/span><\/p>\n<p><span style=\"color: #ffffff;\">The content and works created by the site operators on these pages are subject to German copyright law. The reproduction, editing, distribution and any kind of exploitation outside the limits of copyright require the written consent of the respective author or creator. Downloads and copies of this site are only permitted for private, non-commercial use.<\/span><\/p>\n<p><span style=\"color: #ffffff;\">Insofar as the content on this site was not created by the operator, the copyrights of third parties are respected. In particular, third-party content is identified as such. Should you nevertheless become aware of a copyright infringement, please inform us accordingly. If we become aware of any infringements, we will remove such content immediately.<\/span><\/p>\n<p><span style=\"color: #ffffff;\">We thank our hotel partners for the image and video material provided to us for publication.<\/span><\/p>\t\t\t\t\t\t\t\t<\/div>\n\t\t\t\t<\/div>\n\t\t\t\t\t<\/div>\n\t\t<\/div>\n\t\t\t\t\t<\/div>\n\t\t<\/section>\n\t\t\t\t<\/div>\n\t\t","protected":false},"excerpt":{"rendered":"<p>Imprint Provider identification for www.thepassionist-travel.com www.thepassionist.de\/us THE PASSIONIST TRAVELLER GmbHRudolfplatz 350674 CologneGermany Managing Directors: Ren\u00e9 Roseburg, J\u00f6rg M\u00f6ller Commercial Register: Amtsgericht K\u00f6ln HRB 17398 VAT identification number: DE 122785098 Contact: E-Mail: hello@thepassionist.deTelefon: +49 (0)221 880 437 0Telefax: +49 (0)221 880 437 61 Link liability Our offer contains links to external websites of third parties, on&hellip; <a class=\"more-link\" href=\"https:\/\/thepassionist.de\/us\/imprint\/\">Continue reading <span class=\"screen-reader-text\">Imprint<\/span><\/a><\/p>\n","protected":false},"author":2,"featured_media":0,"parent":0,"menu_order":8,"comment_status":"closed","ping_status":"open","template":"","meta":{"footnotes":""},"class_list":["post-44710","page","type-page","status-publish","hentry","entry"],"aioseo_notices":[],"_links":{"self":[{"href":"https:\/\/thepassionist.de\/us\/wp-json\/wp\/v2\/pages\/44710","targetHints":{"allow":["GET"]}}],"collection":[{"href":"https:\/\/thepassionist.de\/us\/wp-json\/wp\/v2\/pages"}],"about":[{"href":"https:\/\/thepassionist.de\/us\/wp-json\/wp\/v2\/types\/page"}],"author":[{"embeddable":true,"href":"https:\/\/thepassionist.de\/us\/wp-json\/wp\/v2\/users\/2"}],"replies":[{"embeddable":true,"href":"https:\/\/thepassionist.de\/us\/wp-json\/wp\/v2\/comments?post=44710"}],"version-history":[{"count":13,"href":"https:\/\/thepassionist.de\/us\/wp-json\/wp\/v2\/pages\/44710\/revisions"}],"predecessor-version":[{"id":87350,"href":"https:\/\/thepassionist.de\/us\/wp-json\/wp\/v2\/pages\/44710\/revisions\/87350"}],"wp:attachment":[{"href":"https:\/\/thepassionist.de\/us\/wp-json\/wp\/v2\/media?parent=44710"}],"curies":[{"name":"wp","href":"https:\/\/api.w.org\/{rel}","templated":true}]}}